{"id":76,"date":"2023-01-26T12:26:08","date_gmt":"2023-01-26T03:26:08","guid":{"rendered":"https:\/\/www.ufokai.com\/?page_id=76"},"modified":"2023-05-25T16:56:39","modified_gmt":"2023-05-25T07:56:39","slug":"%e6%9d%8f%e3%81%ae%e4%b8%98%e3%80%80%e3%81%8a%e5%95%8f%e5%90%88%e3%81%9b","status":"publish","type":"page","link":"https:\/\/www.ufokai.com\/?page_id=76","title":{"rendered":"\u674f\u306e\u4e18\u3000\u304a\u554f\u5408\u305b"},"content":{"rendered":"\n<div class=\"wp-block-group\"><div class=\"wp-block-group__inner-container is-layout-constrained wp-block-group-is-layout-constrained\">\n<p>\u3053\u3061\u3089\u306f\u65bd\u8a2d\u898b\u5b66\u306e\u4e88\u7d04\u30da\u30fc\u30b8\u3067\u3059\u3002<br>\u9762\u4f1a\uff08\u30e9\u30a4\u30f3\u9762\u4f1a\u30fb\u30ac\u30e9\u30b9\u8d8a\u3057\uff09\u306b\u3064\u304d\u307e\u3057\u3066\u306f\u3054\u9762\u5012\u3067\u306f\u3042\u308a\u307e\u3059\u304c\u3001<span class=\"swl-marker mark_orange\">\u76f4\u63a5\u96fb\u8a71\u3067\u306e\u4e88\u7d04\u3092\u304a\u9858\u3044\u3044\u305f\u3057\u307e\u3059\u3002<\/span><\/p>\n\n\n\n<div class=\"wp-block-columns\">\n<div class=\"wp-block-column\">\n<div class=\"swell-block-button is-style-btn_normal\"><a href=\"tel:0954260311\" class=\"swell-block-button__link\"><span>\u305f\u3093\u307d\u307d<br>0954-26-0311<\/span><\/a><\/div>\n<\/div>\n\n\n\n<div class=\"wp-block-column\">\n<div class=\"swell-block-button red_ is-style-btn_normal\"><a href=\"tel:0954360438\" class=\"swell-block-button__link\"><span>\u674f\u306e\u4e18\u6b66\u96c4<br>0954-36-0438<\/span><\/a><\/div>\n<\/div>\n<\/div>\n\n\n\n<div style=\"height:39px\" aria-hidden=\"true\" class=\"wp-block-spacer\"><\/div>\n<\/div><\/div>\n\n\n\n<p>\u203b\u6ce8\u610f\u4e8b\u9805\u203b<br>\u30fb\u30e1\u30c3\u30bb\u30fc\u30b8\u672c\u6587\u306f\uff14\uff10\uff10\u5b57\u4ee5\u5185\u3067\u304a\u9858\u3044\u3044\u305f\u3057\u307e\u3059\u3002<br>\u30fb\u55b6\u696d\u30fb\u30d3\u30b8\u30cd\u30b9\u95a2\u4fc2\u3001\u5f53\u30b0\u30eb\u30fc\u30d7\u306b\u5168\u304f\u306e\u7121\u95a2\u4fc2\u3068\u5224\u65ad\u3055\u308c\u308b\u30e1\u30fc\u30eb\u306b\u306f\u8fd4\u4fe1\u51fa\u6765\u304b\u306d\u307e\u3059\u306e\u3067\u3001\u4e88\u3081\u3054\u4e86\u627f\u304f\u3060\u3055\u3044\u3002<br>\u30fb\u500b\u4eba\u60c5\u5831\u306e\u53d6\u308a\u6271\u3044\u306b\u3064\u304d\u307e\u3057\u3066\u306f\u3001\u3053\u3061\u3089\u306e\u300c<a href=\"https:\/\/www.ufokai.com\/?page_id=3\">\u500b\u4eba\u60c5\u5831\u306e\u4fdd\u8b77\u306b\u3064\u304d\u307e\u3057\u3066<\/a>\u300d\u3092\u3054\u78ba\u8a8d\u304f\u3060\u3055\u3044\u3002<\/p>\n\n\n\n<div class=\"wp-block-contact-form-7-contact-form-selector\">\n<div class=\"wpcf7 no-js\" id=\"wpcf7-f291-o1\" lang=\"ja\" dir=\"ltr\" data-wpcf7-id=\"291\">\n<div class=\"screen-reader-response\"><p role=\"status\" aria-live=\"polite\" aria-atomic=\"true\"><\/p> <ul><\/ul><\/div>\n<form action=\"\/index.php?rest_route=%2Fwp%2Fv2%2Fpages%2F76#wpcf7-f291-o1\" method=\"post\" class=\"wpcf7-form init\" aria-label=\"\u30b3\u30f3\u30bf\u30af\u30c8\u30d5\u30a9\u30fc\u30e0\" novalidate=\"novalidate\" data-status=\"init\">\n<fieldset class=\"hidden-fields-container\"><input type=\"hidden\" name=\"_wpcf7\" value=\"291\" \/><input type=\"hidden\" name=\"_wpcf7_version\" value=\"6.1\" \/><input type=\"hidden\" name=\"_wpcf7_locale\" value=\"ja\" \/><input type=\"hidden\" name=\"_wpcf7_unit_tag\" value=\"wpcf7-f291-o1\" \/><input type=\"hidden\" name=\"_wpcf7_container_post\" value=\"0\" \/><input type=\"hidden\" name=\"_wpcf7_posted_data_hash\" value=\"\" \/><input type=\"hidden\" name=\"_wpcf7_recaptcha_response\" value=\"\" \/>\n<\/fieldset>\n<table class=\"CF7_table\">\n\t<tr>\n\t\t<th>\n\t\t\t<p><span class=\"CF7_req\">\u5fc5\u9808<\/span> \u304a\u554f\u5408\u305b\u5185\u5bb9\n\t\t\t<\/p>\n\t\t<\/th>\n\t\t<td>\n\t\t\t<p><span class=\"wpcf7-form-control-wrap\" data-name=\"checkbox-inq\"><span class=\"wpcf7-form-control wpcf7-checkbox wpcf7-validates-as-required\"><span class=\"wpcf7-list-item first\"><label><input type=\"checkbox\" name=\"checkbox-inq[]\" value=\"\u533b\u7642\u30fb\u4ecb\u8b77\u4fdd\u967a\u306b\u3064\u3044\u3066\" \/><span class=\"wpcf7-list-item-label\">\u533b\u7642\u30fb\u4ecb\u8b77\u4fdd\u967a\u306b\u3064\u3044\u3066<\/span><\/label><\/span><span class=\"wpcf7-list-item\"><label><input type=\"checkbox\" name=\"checkbox-inq[]\" value=\"\u5165\u6240\uff08\u5165\u5c45\uff09\u306a\u3069\u306b\u3064\u3044\u3066\" \/><span class=\"wpcf7-list-item-label\">\u5165\u6240\uff08\u5165\u5c45\uff09\u306a\u3069\u306b\u3064\u3044\u3066<\/span><\/label><\/span><span class=\"wpcf7-list-item\"><label><input type=\"checkbox\" name=\"checkbox-inq[]\" value=\"\u63a1\u7528\u306b\u3064\u3044\u3066\" \/><span class=\"wpcf7-list-item-label\">\u63a1\u7528\u306b\u3064\u3044\u3066<\/span><\/label><\/span><span class=\"wpcf7-list-item last\"><label><input type=\"checkbox\" name=\"checkbox-inq[]\" value=\"\u305d\u306e\u4ed6\" \/><span class=\"wpcf7-list-item-label\">\u305d\u306e\u4ed6<\/span><\/label><\/span><\/span><\/span>\n\t\t\t<\/p>\n\t\t<\/td>\n\t<\/tr>\n\t<tr>\n\t\t<th>\n\t\t\t<p><span class=\"CF7_req\">\u5fc5\u9808<\/span> \u304a\u540d\u524d\n\t\t\t<\/p>\n\t\t<\/th>\n\t\t<td>\n\t\t\t<p><span class=\"wpcf7-form-control-wrap\" data-name=\"your-name\"><input size=\"40\" maxlength=\"400\" class=\"wpcf7-form-control wpcf7-text wpcf7-validates-as-required\" aria-required=\"true\" aria-invalid=\"false\" placeholder=\"\u4f8b\uff1a\u3042\u306a\u305f\u306e\u304a\u540d\u524d\" value=\"\" type=\"text\" name=\"your-name\" \/><\/span>\n\t\t\t<\/p>\n\t\t<\/td>\n\t<\/tr>\n\t<tr>\n\t\t<th>\n\t\t\t<p><span class=\"CF7_req\">\u5fc5\u9808<\/span> \u30e1\u30fc\u30eb\u30a2\u30c9\u30ec\u30b9\n\t\t\t<\/p>\n\t\t<\/th>\n\t\t<td>\n\t\t\t<p><span class=\"wpcf7-form-control-wrap\" data-name=\"your-email\"><input size=\"40\" maxlength=\"400\" class=\"wpcf7-form-control wpcf7-email wpcf7-validates-as-required wpcf7-text wpcf7-validates-as-email\" aria-required=\"true\" aria-invalid=\"false\" placeholder=\"\u4f8b\uff1a\u00d7\u00d7\u00d7@\u00d7\u00d7\u00d7.com\" value=\"\" type=\"email\" name=\"your-email\" \/><\/span>\n\t\t\t<\/p>\n\t\t<\/td>\n\t<\/tr>\n\t<tr>\n\t\t<th>\n\t\t\t<p><span class=\"CF7_req\">\u5fc5\u9808<\/span>\u90f5\u4fbf\u756a\u53f7\n\t\t\t<\/p>\n\t\t<\/th>\n\t\t<td>\n\t\t\t<p><span class=\"wpcf7-form-control-wrap\" data-name=\"zip\"><input size=\"40\" maxlength=\"400\" class=\"wpcf7-form-control wpcf7-text wpcf7-validates-as-required\" id=\"zip\" aria-required=\"true\" aria-invalid=\"false\" placeholder=\"\u4f8b\uff1a123-4567\" value=\"\" type=\"text\" name=\"zip\" \/><\/span>\n\t\t\t<\/p>\n\t\t<\/td>\n\t<\/tr>\n\t<tr>\n\t\t<th>\n\t\t\t<p><span class=\"CF7_req\">\u5fc5\u9808<\/span>\u90fd\u9053\u5e9c\u770c\n\t\t\t<\/p>\n\t\t<\/th>\n\t\t<td>\n\t\t\t<p><span class=\"wpcf7-form-control-wrap\" data-name=\"pref\"><input size=\"40\" maxlength=\"400\" class=\"wpcf7-form-control wpcf7-text wpcf7-validates-as-required\" id=\"pref\" aria-required=\"true\" aria-invalid=\"false\" placeholder=\"\u4f8b\uff1a\u6771\u4eac\u90fd\" value=\"\" type=\"text\" name=\"pref\" \/><\/span>\n\t\t\t<\/p>\n\t\t<\/td>\n\t<\/tr>\n\t<tr>\n\t\t<th>\n\t\t\t<p><span class=\"CF7_req\">\u5fc5\u9808<\/span>\u3054\u4f4f\u6240\n\t\t\t<\/p>\n\t\t<\/th>\n\t\t<td class=\"address-100\">\n\t\t\t<p><span class=\"wpcf7-form-control-wrap\" data-name=\"addr\"><input size=\"40\" maxlength=\"400\" class=\"wpcf7-form-control wpcf7-text wpcf7-validates-as-required\" id=\"addr\" aria-required=\"true\" aria-invalid=\"false\" placeholder=\"\u4f8b\uff1a\u4e2d\u592e\u533a\u9280\u5ea7\uff11\uff12\uff13\uff14\uff15\" value=\"\" type=\"text\" name=\"addr\" \/><\/span>\n\t\t\t<\/p>\n\t\t<\/td>\n\t<\/tr>\n\t<tr>\n\t\t<th>\n\t\t\t<p><span class=\"CF7_req\">\u5fc5\u9808<\/span>\u304a\u96fb\u8a71\u756a\u53f7\n\t\t\t<\/p>\n\t\t<\/th>\n\t\t<td>\n\t\t\t<p><span class=\"wpcf7-form-control-wrap\" data-name=\"your-tel\"><input size=\"40\" maxlength=\"400\" class=\"wpcf7-form-control wpcf7-text wpcf7-validates-as-required\" aria-required=\"true\" aria-invalid=\"false\" placeholder=\"\u4f8b\uff1a03-1234-5678\" value=\"\" type=\"text\" name=\"your-tel\" \/><\/span>\n\t\t\t<\/p>\n\t\t<\/td>\n\t<\/tr>\n\t<tr>\n\t\t<th>\n\t\t\t<p><span class=\"CF7_req\">\u5fc5\u9808<\/span>\u304a\u554f\u3044\u5408\u308f\u305b\u672c\u6587(\u6700\u5927200\u5b57)\n\t\t\t<\/p>\n\t\t<\/th>\n\t\t<td class=\"message-100\">\n\t\t\t<p><span class=\"wpcf7-form-control-wrap\" data-name=\"your-message\"><textarea cols=\"40\" rows=\"10\" maxlength=\"200\" minlength=\"10\" class=\"wpcf7-form-control wpcf7-textarea wpcf7-validates-as-required\" aria-required=\"true\" aria-invalid=\"false\" placeholder=\"\u304a\u554f\u3044\u5408\u308f\u305b\u5185\u5bb9\u3092\u3054\u8a18\u5165\u304f\u3060\u3055\u3044\u3002\uff08\u6700\u5927\uff12\uff10\uff10\u6587\u5b57\u307e\u3067\uff09\" name=\"your-message\"><\/textarea><\/span><br \/>\n\u6b8b\u308a\u6587\u5b57\u6570\uff1a<span class=\"wpcf7-character-count down\" data-target-name=\"your-message\" data-starting-value=\"200\" data-current-value=\"200\" data-maximum-value=\"200\" data-minimum-value=\"10\">200<\/span>\n\t\t\t<\/p>\n\t\t<\/td>\n\t<\/tr>\n<\/table>\n<p><span class=\"wpcf7-form-control-wrap\" data-name=\"acceptance-356\"><span class=\"wpcf7-form-control wpcf7-acceptance\"><span class=\"wpcf7-list-item\"><label><input type=\"checkbox\" name=\"acceptance-356\" value=\"1\" aria-invalid=\"false\" \/><span class=\"wpcf7-list-item-label\">\u6ce8\u610f\u4e8b\u9805\u3092\u78ba\u8a8d\u3057\u4e86\u627f\u3057\u307e\u3057\u305f\u3002\u307e\u305f\u3001\u4e0a\u8a18\u5185\u5bb9\u306b\u8aa4\u308a\u304c\u306a\u3044\u304b\u78ba\u8a8d\u3057\u307e\u3057\u305f\u3002<br>\uff08\u30c1\u30a7\u30c3\u30af\u5f8c\u3001\u9001\u4fe1\u3067\u304d\u308b\u3088\u3046\u306b\u306a\u308a\u307e\u3059\u3002\uff09<\/span><\/label><\/span><\/span><\/span>\n<\/p>\n<p class=\"CF7_btn\"><input class=\"wpcf7-form-control wpcf7-submit has-spinner\" type=\"submit\" value=\"\u9001\u4fe1\u3059\u308b\" \/>\n<\/p><div class=\"wpcf7-response-output\" aria-hidden=\"true\"><\/div>\n<\/form>\n<\/div>\n<\/div>\n\n\n\n<p>\u3053\u306e\u30b5\u30a4\u30c8\u306f reCAPTCHA \u3068 Google \u306b\u3088\u3063\u3066\u4fdd\u8b77\u3055\u308c\u3066\u3044\u307e\u3059\u3002 This site is protected by reCAPTCHA and the Google <br>\n    <a href=\"https:\/\/policies.google.com\/privacy\">\u30d7\u30e9\u30a4\u30d0\u30b7\u30fc\u30dd\u30ea\u30b7\u30fc<\/a>\u3068\n    <a href=\"https:\/\/policies.google.com\/terms\">\u5229\u7528\u898f\u7d04<\/a>\u306f\u3053\u3061\u3089\u3067\u3059\u3002.\n    <a href=\"https:\/\/policies.google.com\/privacy\">Privacy Policy<\/a> and\n    <a href=\"https:\/\/policies.google.com\/terms\">Terms of Service<\/a> apply.\n<\/p>\n","protected":false},"excerpt":{"rendered":"<p>\u3053\u3061\u3089\u306f\u65bd\u8a2d\u898b\u5b66\u306e\u4e88\u7d04\u30da\u30fc\u30b8\u3067\u3059\u3002\u9762\u4f1a\uff08\u30e9\u30a4\u30f3\u9762\u4f1a\u30fb\u30ac\u30e9\u30b9\u8d8a\u3057\uff09\u306b\u3064\u304d\u307e\u3057\u3066\u306f\u3054\u9762\u5012\u3067\u306f\u3042\u308a\u307e\u3059\u304c\u3001\u76f4\u63a5\u96fb\u8a71\u3067\u306e\u4e88\u7d04\u3092\u304a\u9858\u3044\u3044\u305f\u3057\u307e\u3059\u3002<\/p>\n","protected":false},"author":1,"featured_media":0,"parent":68,"menu_order":3,"comment_status":"closed","ping_status":"closed","template":"","meta":{"swell_btn_cv_data":"","footnotes":""},"class_list":["post-76","page","type-page","status-publish","hentry"],"_links":{"self":[{"href":"https:\/\/www.ufokai.com\/index.php?rest_route=\/wp\/v2\/pages\/76","targetHints":{"allow":["GET"]}}],"collection":[{"href":"https:\/\/www.ufokai.com\/index.php?rest_route=\/wp\/v2\/pages"}],"about":[{"href":"https:\/\/www.ufokai.com\/index.php?rest_route=\/wp\/v2\/types\/page"}],"author":[{"embeddable":true,"href":"https:\/\/www.ufokai.com\/index.php?rest_route=\/wp\/v2\/users\/1"}],"replies":[{"embeddable":true,"href":"https:\/\/www.ufokai.com\/index.php?rest_route=%2Fwp%2Fv2%2Fcomments&post=76"}],"version-history":[{"count":5,"href":"https:\/\/www.ufokai.com\/index.php?rest_route=\/wp\/v2\/pages\/76\/revisions"}],"predecessor-version":[{"id":575,"href":"https:\/\/www.ufokai.com\/index.php?rest_route=\/wp\/v2\/pages\/76\/revisions\/575"}],"up":[{"embeddable":true,"href":"https:\/\/www.ufokai.com\/index.php?rest_route=\/wp\/v2\/pages\/68"}],"wp:attachment":[{"href":"https:\/\/www.ufokai.com\/index.php?rest_route=%2Fwp%2Fv2%2Fmedia&parent=76"}],"curies":[{"name":"wp","href":"https:\/\/api.w.org\/{rel}","templated":true}]}}